{"id":49,"date":"2024-03-15T12:16:39","date_gmt":"2024-03-15T12:16:39","guid":{"rendered":"https:\/\/www.sehitgazi1915.org\/?page_id=49"},"modified":"2024-03-19T11:17:36","modified_gmt":"2024-03-19T11:17:36","slug":"fotograflarimiz","status":"publish","type":"page","link":"https:\/\/www.sehitgazi1915.org\/index.php\/fotograflarimiz\/","title":{"rendered":"Foto\u011fraflar\u0131m\u0131z"},"content":{"rendered":"\n<figure class=\"wp-block-gallery has-nested-images columns-default is-cropped wp-block-gallery-1 is-layout-flex wp-block-gallery-is-layout-flex\">\n<figure class=\"wp-block-image size-large\"><img loading=\"lazy\" decoding=\"async\" width=\"1024\" height=\"785\" data-id=\"495\" src=\"https:\/\/www.sehitgazi1915.org\/wp-content\/uploads\/2024\/03\/431565734_1173688930636729_3498098866388379047_n-3-1024x785.jpg\" alt=\"\" class=\"wp-image-495\" srcset=\"https:\/\/www.sehitgazi1915.org\/wp-content\/uploads\/2024\/03\/431565734_1173688930636729_3498098866388379047_n-3-1024x785.jpg 1024w, https:\/\/www.sehitgazi1915.org\/wp-content\/uploads\/2024\/03\/431565734_1173688930636729_3498098866388379047_n-3-300x230.jpg 300w, https:\/\/www.sehitgazi1915.org\/wp-content\/uploads\/2024\/03\/431565734_1173688930636729_3498098866388379047_n-3-768x588.jpg 768w, https:\/\/www.sehitgazi1915.org\/wp-content\/uploads\/2024\/03\/431565734_1173688930636729_3498098866388379047_n-3.jpg 1206w\" sizes=\"auto, (max-width: 1024px) 100vw, 1024px\" \/><\/figure>\n\n\n\n<figure class=\"wp-block-image size-large\"><img loading=\"lazy\" decoding=\"async\" width=\"1024\" height=\"682\" data-id=\"494\" src=\"https:\/\/www.sehitgazi1915.org\/wp-content\/uploads\/2024\/03\/431532515_1174057470599875_337933916254113217_n.jpg\" alt=\"\" class=\"wp-image-494\" srcset=\"https:\/\/www.sehitgazi1915.org\/wp-content\/uploads\/2024\/03\/431532515_1174057470599875_337933916254113217_n.jpg 1024w, https:\/\/www.sehitgazi1915.org\/wp-content\/uploads\/2024\/03\/431532515_1174057470599875_337933916254113217_n-300x200.jpg 300w, https:\/\/www.sehitgazi1915.org\/wp-content\/uploads\/2024\/03\/431532515_1174057470599875_337933916254113217_n-768x512.jpg 768w\" sizes=\"auto, (max-width: 1024px) 100vw, 1024px\" \/><\/figure>\n\n\n\n<figure class=\"wp-block-image size-large\"><img loading=\"lazy\" decoding=\"async\" width=\"1024\" height=\"768\" data-id=\"487\" src=\"https:\/\/www.sehitgazi1915.org\/wp-content\/uploads\/2024\/03\/431548433_1173670793971876_6377191152309471561_n-4-1024x768.jpg\" alt=\"\" class=\"wp-image-487\" srcset=\"https:\/\/www.sehitgazi1915.org\/wp-content\/uploads\/2024\/03\/431548433_1173670793971876_6377191152309471561_n-4-1024x768.jpg 1024w, https:\/\/www.sehitgazi1915.org\/wp-content\/uploads\/2024\/03\/431548433_1173670793971876_6377191152309471561_n-4-300x225.jpg 300w, https:\/\/www.sehitgazi1915.org\/wp-content\/uploads\/2024\/03\/431548433_1173670793971876_6377191152309471561_n-4-768x576.jpg 768w, https:\/\/www.sehitgazi1915.org\/wp-content\/uploads\/2024\/03\/431548433_1173670793971876_6377191152309471561_n-4-1536x1152.jpg 1536w, https:\/\/www.sehitgazi1915.org\/wp-content\/uploads\/2024\/03\/431548433_1173670793971876_6377191152309471561_n-4.jpg 2048w\" sizes=\"auto, (max-width: 1024px) 100vw, 1024px\" \/><\/figure>\n\n\n\n<figure class=\"wp-block-image size-large\"><img loading=\"lazy\" decoding=\"async\" width=\"1024\" height=\"849\" data-id=\"485\" src=\"https:\/\/www.sehitgazi1915.org\/wp-content\/uploads\/2024\/03\/431520952_1173688530636769_1635524820844758659_n-2-1024x849.jpg\" alt=\"\" class=\"wp-image-485\" srcset=\"https:\/\/www.sehitgazi1915.org\/wp-content\/uploads\/2024\/03\/431520952_1173688530636769_1635524820844758659_n-2-1024x849.jpg 1024w, https:\/\/www.sehitgazi1915.org\/wp-content\/uploads\/2024\/03\/431520952_1173688530636769_1635524820844758659_n-2-300x249.jpg 300w, https:\/\/www.sehitgazi1915.org\/wp-content\/uploads\/2024\/03\/431520952_1173688530636769_1635524820844758659_n-2-768x637.jpg 768w, https:\/\/www.sehitgazi1915.org\/wp-content\/uploads\/2024\/03\/431520952_1173688530636769_1635524820844758659_n-2.jpg 1053w\" sizes=\"auto, (max-width: 1024px) 100vw, 1024px\" \/><\/figure>\n\n\n\n<figure class=\"wp-block-image size-large\"><img loading=\"lazy\" decoding=\"async\" width=\"1024\" height=\"768\" data-id=\"483\" src=\"https:\/\/www.sehitgazi1915.org\/wp-content\/uploads\/2024\/03\/431490929_1173688657303423_3288688640556459886_n-2-1024x768.jpg\" alt=\"\" class=\"wp-image-483\" srcset=\"https:\/\/www.sehitgazi1915.org\/wp-content\/uploads\/2024\/03\/431490929_1173688657303423_3288688640556459886_n-2-1024x768.jpg 1024w, https:\/\/www.sehitgazi1915.org\/wp-content\/uploads\/2024\/03\/431490929_1173688657303423_3288688640556459886_n-2-300x225.jpg 300w, https:\/\/www.sehitgazi1915.org\/wp-content\/uploads\/2024\/03\/431490929_1173688657303423_3288688640556459886_n-2-768x576.jpg 768w, https:\/\/www.sehitgazi1915.org\/wp-content\/uploads\/2024\/03\/431490929_1173688657303423_3288688640556459886_n-2-1536x1152.jpg 1536w, https:\/\/www.sehitgazi1915.org\/wp-content\/uploads\/2024\/03\/431490929_1173688657303423_3288688640556459886_n-2.jpg 2048w\" sizes=\"auto, (max-width: 1024px) 100vw, 1024px\" \/><\/figure>\n\n\n\n<figure class=\"wp-block-image size-large\"><img loading=\"lazy\" decoding=\"async\" width=\"1024\" height=\"473\" data-id=\"480\" src=\"https:\/\/www.sehitgazi1915.org\/wp-content\/uploads\/2024\/03\/431479968_1173688940636728_5935719834956914951_n-2-1024x473.jpg\" alt=\"\" class=\"wp-image-480\" srcset=\"https:\/\/www.sehitgazi1915.org\/wp-content\/uploads\/2024\/03\/431479968_1173688940636728_5935719834956914951_n-2-1024x473.jpg 1024w, https:\/\/www.sehitgazi1915.org\/wp-content\/uploads\/2024\/03\/431479968_1173688940636728_5935719834956914951_n-2-300x139.jpg 300w, https:\/\/www.sehitgazi1915.org\/wp-content\/uploads\/2024\/03\/431479968_1173688940636728_5935719834956914951_n-2-768x355.jpg 768w, https:\/\/www.sehitgazi1915.org\/wp-content\/uploads\/2024\/03\/431479968_1173688940636728_5935719834956914951_n-2-1536x710.jpg 1536w, https:\/\/www.sehitgazi1915.org\/wp-content\/uploads\/2024\/03\/431479968_1173688940636728_5935719834956914951_n-2.jpg 2000w\" sizes=\"auto, (max-width: 1024px) 100vw, 1024px\" \/><\/figure>\n\n\n\n<figure class=\"wp-block-image size-large\"><img loading=\"lazy\" decoding=\"async\" width=\"1024\" height=\"768\" data-id=\"481\" src=\"https:\/\/www.sehitgazi1915.org\/wp-content\/uploads\/2024\/03\/431483255_1173688993970056_8418905014108215852_n-2-1024x768.jpg\" alt=\"\" class=\"wp-image-481\" srcset=\"https:\/\/www.sehitgazi1915.org\/wp-content\/uploads\/2024\/03\/431483255_1173688993970056_8418905014108215852_n-2-1024x768.jpg 1024w, https:\/\/www.sehitgazi1915.org\/wp-content\/uploads\/2024\/03\/431483255_1173688993970056_8418905014108215852_n-2-300x225.jpg 300w, https:\/\/www.sehitgazi1915.org\/wp-content\/uploads\/2024\/03\/431483255_1173688993970056_8418905014108215852_n-2-768x576.jpg 768w, https:\/\/www.sehitgazi1915.org\/wp-content\/uploads\/2024\/03\/431483255_1173688993970056_8418905014108215852_n-2-1536x1152.jpg 1536w, https:\/\/www.sehitgazi1915.org\/wp-content\/uploads\/2024\/03\/431483255_1173688993970056_8418905014108215852_n-2.jpg 1600w\" sizes=\"auto, (max-width: 1024px) 100vw, 1024px\" \/><\/figure>\n\n\n\n<figure class=\"wp-block-image size-large\"><img loading=\"lazy\" decoding=\"async\" width=\"1024\" height=\"768\" data-id=\"463\" src=\"https:\/\/www.sehitgazi1915.org\/wp-content\/uploads\/2024\/03\/431176418_1173688863970069_4652112959196461796_n-1-1024x768.jpg\" alt=\"\" class=\"wp-image-463\" srcset=\"https:\/\/www.sehitgazi1915.org\/wp-content\/uploads\/2024\/03\/431176418_1173688863970069_4652112959196461796_n-1-1024x768.jpg 1024w, https:\/\/www.sehitgazi1915.org\/wp-content\/uploads\/2024\/03\/431176418_1173688863970069_4652112959196461796_n-1-300x225.jpg 300w, https:\/\/www.sehitgazi1915.org\/wp-content\/uploads\/2024\/03\/431176418_1173688863970069_4652112959196461796_n-1-768x576.jpg 768w, https:\/\/www.sehitgazi1915.org\/wp-content\/uploads\/2024\/03\/431176418_1173688863970069_4652112959196461796_n-1-1536x1152.jpg 1536w, https:\/\/www.sehitgazi1915.org\/wp-content\/uploads\/2024\/03\/431176418_1173688863970069_4652112959196461796_n-1.jpg 2048w\" sizes=\"auto, (max-width: 1024px) 100vw, 1024px\" \/><\/figure>\n\n\n\n<figure class=\"wp-block-image size-large\"><img loading=\"lazy\" decoding=\"async\" width=\"1024\" height=\"682\" data-id=\"442\" src=\"https:\/\/www.sehitgazi1915.org\/wp-content\/uploads\/2024\/03\/431522048_1173670753971880_79068522657526030_n-1024x682.jpg\" alt=\"\" class=\"wp-image-442\" srcset=\"https:\/\/www.sehitgazi1915.org\/wp-content\/uploads\/2024\/03\/431522048_1173670753971880_79068522657526030_n-1024x682.jpg 1024w, https:\/\/www.sehitgazi1915.org\/wp-content\/uploads\/2024\/03\/431522048_1173670753971880_79068522657526030_n-300x200.jpg 300w, https:\/\/www.sehitgazi1915.org\/wp-content\/uploads\/2024\/03\/431522048_1173670753971880_79068522657526030_n-768x512.jpg 768w, https:\/\/www.sehitgazi1915.org\/wp-content\/uploads\/2024\/03\/431522048_1173670753971880_79068522657526030_n.jpg 1066w\" sizes=\"auto, (max-width: 1024px) 100vw, 1024px\" \/><\/figure>\n\n\n\n<figure class=\"wp-block-image size-large\"><img loading=\"lazy\" decoding=\"async\" width=\"1024\" height=\"768\" data-id=\"451\" src=\"https:\/\/www.sehitgazi1915.org\/wp-content\/uploads\/2024\/03\/431439302_1173688103970145_5691045377902017283_n-1024x768.jpg\" alt=\"\" class=\"wp-image-451\" srcset=\"https:\/\/www.sehitgazi1915.org\/wp-content\/uploads\/2024\/03\/431439302_1173688103970145_5691045377902017283_n-1024x768.jpg 1024w, https:\/\/www.sehitgazi1915.org\/wp-content\/uploads\/2024\/03\/431439302_1173688103970145_5691045377902017283_n-300x225.jpg 300w, https:\/\/www.sehitgazi1915.org\/wp-content\/uploads\/2024\/03\/431439302_1173688103970145_5691045377902017283_n-768x576.jpg 768w, https:\/\/www.sehitgazi1915.org\/wp-content\/uploads\/2024\/03\/431439302_1173688103970145_5691045377902017283_n-1536x1152.jpg 1536w, https:\/\/www.sehitgazi1915.org\/wp-content\/uploads\/2024\/03\/431439302_1173688103970145_5691045377902017283_n.jpg 2048w\" sizes=\"auto, (max-width: 1024px) 100vw, 1024px\" \/><\/figure>\n\n\n\n<figure class=\"wp-block-image size-large\"><img loading=\"lazy\" decoding=\"async\" width=\"1024\" height=\"682\" data-id=\"440\" src=\"https:\/\/www.sehitgazi1915.org\/wp-content\/uploads\/2024\/03\/431495553_1173670667305222_5225003859214860324_n-1024x682.jpg\" alt=\"\" class=\"wp-image-440\" srcset=\"https:\/\/www.sehitgazi1915.org\/wp-content\/uploads\/2024\/03\/431495553_1173670667305222_5225003859214860324_n-1024x682.jpg 1024w, https:\/\/www.sehitgazi1915.org\/wp-content\/uploads\/2024\/03\/431495553_1173670667305222_5225003859214860324_n-300x200.jpg 300w, https:\/\/www.sehitgazi1915.org\/wp-content\/uploads\/2024\/03\/431495553_1173670667305222_5225003859214860324_n-768x512.jpg 768w, https:\/\/www.sehitgazi1915.org\/wp-content\/uploads\/2024\/03\/431495553_1173670667305222_5225003859214860324_n-1536x1023.jpg 1536w, https:\/\/www.sehitgazi1915.org\/wp-content\/uploads\/2024\/03\/431495553_1173670667305222_5225003859214860324_n.jpg 1600w\" sizes=\"auto, (max-width: 1024px) 100vw, 1024px\" \/><\/figure>\n\n\n\n<figure class=\"wp-block-image size-large\"><img loading=\"lazy\" decoding=\"async\" width=\"1024\" height=\"682\" data-id=\"441\" src=\"https:\/\/www.sehitgazi1915.org\/wp-content\/uploads\/2024\/03\/431509634_1173670947305194_6287060526922439587_n-1024x682.jpg\" alt=\"\" class=\"wp-image-441\" srcset=\"https:\/\/www.sehitgazi1915.org\/wp-content\/uploads\/2024\/03\/431509634_1173670947305194_6287060526922439587_n-1024x682.jpg 1024w, https:\/\/www.sehitgazi1915.org\/wp-content\/uploads\/2024\/03\/431509634_1173670947305194_6287060526922439587_n-300x200.jpg 300w, https:\/\/www.sehitgazi1915.org\/wp-content\/uploads\/2024\/03\/431509634_1173670947305194_6287060526922439587_n-768x512.jpg 768w, https:\/\/www.sehitgazi1915.org\/wp-content\/uploads\/2024\/03\/431509634_1173670947305194_6287060526922439587_n-1536x1023.jpg 1536w, https:\/\/www.sehitgazi1915.org\/wp-content\/uploads\/2024\/03\/431509634_1173670947305194_6287060526922439587_n.jpg 1600w\" sizes=\"auto, (max-width: 1024px) 100vw, 1024px\" \/><\/figure>\n\n\n\n<figure class=\"wp-block-image size-large\"><img loading=\"lazy\" decoding=\"async\" width=\"1024\" height=\"682\" data-id=\"374\" src=\"https:\/\/www.sehitgazi1915.org\/wp-content\/uploads\/2024\/03\/425311988_1158402478832041_1832863304570361543_n-5-1024x682.jpg\" alt=\"\" class=\"wp-image-374\" srcset=\"https:\/\/www.sehitgazi1915.org\/wp-content\/uploads\/2024\/03\/425311988_1158402478832041_1832863304570361543_n-5-1024x682.jpg 1024w, https:\/\/www.sehitgazi1915.org\/wp-content\/uploads\/2024\/03\/425311988_1158402478832041_1832863304570361543_n-5-300x200.jpg 300w, https:\/\/www.sehitgazi1915.org\/wp-content\/uploads\/2024\/03\/425311988_1158402478832041_1832863304570361543_n-5-768x512.jpg 768w, https:\/\/www.sehitgazi1915.org\/wp-content\/uploads\/2024\/03\/425311988_1158402478832041_1832863304570361543_n-5-1536x1023.jpg 1536w, https:\/\/www.sehitgazi1915.org\/wp-content\/uploads\/2024\/03\/425311988_1158402478832041_1832863304570361543_n-5.jpg 1600w\" sizes=\"auto, (max-width: 1024px) 100vw, 1024px\" \/><\/figure>\n\n\n\n<figure class=\"wp-block-image size-large\"><img loading=\"lazy\" decoding=\"async\" width=\"707\" height=\"1024\" data-id=\"178\" src=\"https:\/\/www.sehitgazi1915.org\/wp-content\/uploads\/2024\/03\/431475871_1163319731673649_8739497152320298382_n-3-707x1024.jpg\" alt=\"\" class=\"wp-image-178\" srcset=\"https:\/\/www.sehitgazi1915.org\/wp-content\/uploads\/2024\/03\/431475871_1163319731673649_8739497152320298382_n-3-707x1024.jpg 707w, https:\/\/www.sehitgazi1915.org\/wp-content\/uploads\/2024\/03\/431475871_1163319731673649_8739497152320298382_n-3-207x300.jpg 207w, https:\/\/www.sehitgazi1915.org\/wp-content\/uploads\/2024\/03\/431475871_1163319731673649_8739497152320298382_n-3-768x1112.jpg 768w, https:\/\/www.sehitgazi1915.org\/wp-content\/uploads\/2024\/03\/431475871_1163319731673649_8739497152320298382_n-3-1061x1536.jpg 1061w, https:\/\/www.sehitgazi1915.org\/wp-content\/uploads\/2024\/03\/431475871_1163319731673649_8739497152320298382_n-3.jpg 1414w\" sizes=\"auto, (max-width: 707px) 100vw, 707px\" \/><\/figure>\n\n\n\n<figure class=\"wp-block-image size-large\"><img loading=\"lazy\" decoding=\"async\" width=\"811\" height=\"1024\" data-id=\"177\" src=\"https:\/\/www.sehitgazi1915.org\/wp-content\/uploads\/2024\/03\/428519428_1161993825139573_8024029948010328438_n-811x1024.jpg\" alt=\"\" class=\"wp-image-177\" srcset=\"https:\/\/www.sehitgazi1915.org\/wp-content\/uploads\/2024\/03\/428519428_1161993825139573_8024029948010328438_n-811x1024.jpg 811w, https:\/\/www.sehitgazi1915.org\/wp-content\/uploads\/2024\/03\/428519428_1161993825139573_8024029948010328438_n-238x300.jpg 238w, https:\/\/www.sehitgazi1915.org\/wp-content\/uploads\/2024\/03\/428519428_1161993825139573_8024029948010328438_n-768x970.jpg 768w, https:\/\/www.sehitgazi1915.org\/wp-content\/uploads\/2024\/03\/428519428_1161993825139573_8024029948010328438_n-1217x1536.jpg 1217w, https:\/\/www.sehitgazi1915.org\/wp-content\/uploads\/2024\/03\/428519428_1161993825139573_8024029948010328438_n.jpg 1622w\" sizes=\"auto, (max-width: 811px) 100vw, 811px\" \/><\/figure>\n\n\n\n<figure class=\"wp-block-image size-large\"><img loading=\"lazy\" decoding=\"async\" width=\"1024\" height=\"986\" data-id=\"181\" src=\"https:\/\/www.sehitgazi1915.org\/wp-content\/uploads\/2024\/03\/425368498_1159853582020264_5938286254835406967_n-1024x986.jpg\" alt=\"\" class=\"wp-image-181\" srcset=\"https:\/\/www.sehitgazi1915.org\/wp-content\/uploads\/2024\/03\/425368498_1159853582020264_5938286254835406967_n-1024x986.jpg 1024w, https:\/\/www.sehitgazi1915.org\/wp-content\/uploads\/2024\/03\/425368498_1159853582020264_5938286254835406967_n-300x289.jpg 300w, https:\/\/www.sehitgazi1915.org\/wp-content\/uploads\/2024\/03\/425368498_1159853582020264_5938286254835406967_n-768x740.jpg 768w, https:\/\/www.sehitgazi1915.org\/wp-content\/uploads\/2024\/03\/425368498_1159853582020264_5938286254835406967_n.jpg 1416w\" sizes=\"auto, (max-width: 1024px) 100vw, 1024px\" \/><\/figure>\n\n\n\n<figure class=\"wp-block-image size-large\"><img loading=\"lazy\" decoding=\"async\" width=\"1024\" height=\"768\" data-id=\"174\" src=\"https:\/\/www.sehitgazi1915.org\/wp-content\/uploads\/2024\/03\/431475871_1163319731673649_8739497152320298382_n-2-1024x768.jpg\" alt=\"\" class=\"wp-image-174\" srcset=\"https:\/\/www.sehitgazi1915.org\/wp-content\/uploads\/2024\/03\/431475871_1163319731673649_8739497152320298382_n-2-1024x768.jpg 1024w, https:\/\/www.sehitgazi1915.org\/wp-content\/uploads\/2024\/03\/431475871_1163319731673649_8739497152320298382_n-2-300x225.jpg 300w, https:\/\/www.sehitgazi1915.org\/wp-content\/uploads\/2024\/03\/431475871_1163319731673649_8739497152320298382_n-2-768x576.jpg 768w, https:\/\/www.sehitgazi1915.org\/wp-content\/uploads\/2024\/03\/431475871_1163319731673649_8739497152320298382_n-2-1536x1152.jpg 1536w, https:\/\/www.sehitgazi1915.org\/wp-content\/uploads\/2024\/03\/431475871_1163319731673649_8739497152320298382_n-2.jpg 2048w\" sizes=\"auto, (max-width: 1024px) 100vw, 1024px\" \/><\/figure>\n\n\n\n<figure class=\"wp-block-image size-large\"><img loading=\"lazy\" decoding=\"async\" width=\"1024\" height=\"768\" data-id=\"162\" src=\"https:\/\/www.sehitgazi1915.org\/wp-content\/uploads\/2024\/03\/428518239_1162530068419282_3923743449683960911_n-1024x768.jpg\" alt=\"\" class=\"wp-image-162\" srcset=\"https:\/\/www.sehitgazi1915.org\/wp-content\/uploads\/2024\/03\/428518239_1162530068419282_3923743449683960911_n-1024x768.jpg 1024w, https:\/\/www.sehitgazi1915.org\/wp-content\/uploads\/2024\/03\/428518239_1162530068419282_3923743449683960911_n-300x225.jpg 300w, https:\/\/www.sehitgazi1915.org\/wp-content\/uploads\/2024\/03\/428518239_1162530068419282_3923743449683960911_n-768x576.jpg 768w, https:\/\/www.sehitgazi1915.org\/wp-content\/uploads\/2024\/03\/428518239_1162530068419282_3923743449683960911_n-1536x1152.jpg 1536w, https:\/\/www.sehitgazi1915.org\/wp-content\/uploads\/2024\/03\/428518239_1162530068419282_3923743449683960911_n.jpg 2000w\" sizes=\"auto, (max-width: 1024px) 100vw, 1024px\" \/><\/figure>\n\n\n\n<figure class=\"wp-block-image size-large\"><img loading=\"lazy\" decoding=\"async\" width=\"1024\" height=\"768\" data-id=\"173\" src=\"https:\/\/www.sehitgazi1915.org\/wp-content\/uploads\/2024\/03\/431195232_1162436591761963_7918417598208630604_n-1024x768.jpg\" alt=\"\" class=\"wp-image-173\" srcset=\"https:\/\/www.sehitgazi1915.org\/wp-content\/uploads\/2024\/03\/431195232_1162436591761963_7918417598208630604_n-1024x768.jpg 1024w, https:\/\/www.sehitgazi1915.org\/wp-content\/uploads\/2024\/03\/431195232_1162436591761963_7918417598208630604_n-300x225.jpg 300w, https:\/\/www.sehitgazi1915.org\/wp-content\/uploads\/2024\/03\/431195232_1162436591761963_7918417598208630604_n-768x576.jpg 768w, https:\/\/www.sehitgazi1915.org\/wp-content\/uploads\/2024\/03\/431195232_1162436591761963_7918417598208630604_n-1536x1152.jpg 1536w, https:\/\/www.sehitgazi1915.org\/wp-content\/uploads\/2024\/03\/431195232_1162436591761963_7918417598208630604_n.jpg 2048w\" sizes=\"auto, (max-width: 1024px) 100vw, 1024px\" \/><\/figure>\n\n\n\n<figure class=\"wp-block-image size-large\"><img loading=\"lazy\" decoding=\"async\" width=\"768\" height=\"1024\" data-id=\"158\" src=\"https:\/\/www.sehitgazi1915.org\/wp-content\/uploads\/2024\/03\/428502556_1162529891752633_4878196613898513136_n-768x1024.jpg\" alt=\"\" class=\"wp-image-158\" srcset=\"https:\/\/www.sehitgazi1915.org\/wp-content\/uploads\/2024\/03\/428502556_1162529891752633_4878196613898513136_n-768x1024.jpg 768w, https:\/\/www.sehitgazi1915.org\/wp-content\/uploads\/2024\/03\/428502556_1162529891752633_4878196613898513136_n-225x300.jpg 225w, https:\/\/www.sehitgazi1915.org\/wp-content\/uploads\/2024\/03\/428502556_1162529891752633_4878196613898513136_n-1152x1536.jpg 1152w, https:\/\/www.sehitgazi1915.org\/wp-content\/uploads\/2024\/03\/428502556_1162529891752633_4878196613898513136_n.jpg 1500w\" sizes=\"auto, (max-width: 768px) 100vw, 768px\" \/><\/figure>\n\n\n\n<figure class=\"wp-block-image size-large\"><img loading=\"lazy\" decoding=\"async\" width=\"473\" height=\"1024\" data-id=\"155\" src=\"https:\/\/www.sehitgazi1915.org\/wp-content\/uploads\/2024\/03\/431528241_1167634191242203_287141964697441557_n-1-473x1024.jpg\" alt=\"\" class=\"wp-image-155\" srcset=\"https:\/\/www.sehitgazi1915.org\/wp-content\/uploads\/2024\/03\/431528241_1167634191242203_287141964697441557_n-1-473x1024.jpg 473w, https:\/\/www.sehitgazi1915.org\/wp-content\/uploads\/2024\/03\/431528241_1167634191242203_287141964697441557_n-1-139x300.jpg 139w, https:\/\/www.sehitgazi1915.org\/wp-content\/uploads\/2024\/03\/431528241_1167634191242203_287141964697441557_n-1-709x1536.jpg 709w, https:\/\/www.sehitgazi1915.org\/wp-content\/uploads\/2024\/03\/431528241_1167634191242203_287141964697441557_n-1.jpg 739w\" sizes=\"auto, (max-width: 473px) 100vw, 473px\" \/><\/figure>\n\n\n\n<figure class=\"wp-block-image size-large\"><img loading=\"lazy\" decoding=\"async\" width=\"1024\" height=\"473\" data-id=\"149\" src=\"https:\/\/www.sehitgazi1915.org\/wp-content\/uploads\/2024\/03\/428519855_1163319878340301_621691751658415038_n-1024x473.jpg\" alt=\"\" class=\"wp-image-149\" srcset=\"https:\/\/www.sehitgazi1915.org\/wp-content\/uploads\/2024\/03\/428519855_1163319878340301_621691751658415038_n-1024x473.jpg 1024w, https:\/\/www.sehitgazi1915.org\/wp-content\/uploads\/2024\/03\/428519855_1163319878340301_621691751658415038_n-300x139.jpg 300w, https:\/\/www.sehitgazi1915.org\/wp-content\/uploads\/2024\/03\/428519855_1163319878340301_621691751658415038_n-768x355.jpg 768w, https:\/\/www.sehitgazi1915.org\/wp-content\/uploads\/2024\/03\/428519855_1163319878340301_621691751658415038_n-1536x709.jpg 1536w, https:\/\/www.sehitgazi1915.org\/wp-content\/uploads\/2024\/03\/428519855_1163319878340301_621691751658415038_n.jpg 1600w\" sizes=\"auto, (max-width: 1024px) 100vw, 1024px\" \/><\/figure>\n\n\n\n<figure class=\"wp-block-image size-large\"><img loading=\"lazy\" decoding=\"async\" width=\"1024\" height=\"768\" data-id=\"131\" src=\"https:\/\/www.sehitgazi1915.org\/wp-content\/uploads\/2024\/03\/431229685_1171941237478165_8759363073362343825_n-2-1024x768.jpg\" alt=\"\" class=\"wp-image-131\" srcset=\"https:\/\/www.sehitgazi1915.org\/wp-content\/uploads\/2024\/03\/431229685_1171941237478165_8759363073362343825_n-2-1024x768.jpg 1024w, https:\/\/www.sehitgazi1915.org\/wp-content\/uploads\/2024\/03\/431229685_1171941237478165_8759363073362343825_n-2-300x225.jpg 300w, https:\/\/www.sehitgazi1915.org\/wp-content\/uploads\/2024\/03\/431229685_1171941237478165_8759363073362343825_n-2-768x576.jpg 768w, https:\/\/www.sehitgazi1915.org\/wp-content\/uploads\/2024\/03\/431229685_1171941237478165_8759363073362343825_n-2-1536x1152.jpg 1536w, https:\/\/www.sehitgazi1915.org\/wp-content\/uploads\/2024\/03\/431229685_1171941237478165_8759363073362343825_n-2.jpg 2048w\" sizes=\"auto, (max-width: 1024px) 100vw, 1024px\" \/><\/figure>\n\n\n\n<figure class=\"wp-block-image size-large\"><img loading=\"lazy\" decoding=\"async\" width=\"1024\" height=\"768\" data-id=\"126\" src=\"https:\/\/www.sehitgazi1915.org\/wp-content\/uploads\/2024\/03\/431253648_1171941297478159_1595496889172826270_n-1024x768.jpg\" alt=\"\" class=\"wp-image-126\" srcset=\"https:\/\/www.sehitgazi1915.org\/wp-content\/uploads\/2024\/03\/431253648_1171941297478159_1595496889172826270_n-1024x768.jpg 1024w, https:\/\/www.sehitgazi1915.org\/wp-content\/uploads\/2024\/03\/431253648_1171941297478159_1595496889172826270_n-300x225.jpg 300w, https:\/\/www.sehitgazi1915.org\/wp-content\/uploads\/2024\/03\/431253648_1171941297478159_1595496889172826270_n-768x576.jpg 768w, https:\/\/www.sehitgazi1915.org\/wp-content\/uploads\/2024\/03\/431253648_1171941297478159_1595496889172826270_n-1536x1152.jpg 1536w, https:\/\/www.sehitgazi1915.org\/wp-content\/uploads\/2024\/03\/431253648_1171941297478159_1595496889172826270_n.jpg 1600w\" sizes=\"auto, (max-width: 1024px) 100vw, 1024px\" \/><\/figure>\n<\/figure>\n","protected":false},"excerpt":{"rendered":"","protected":false},"author":1,"featured_media":0,"parent":0,"menu_order":0,"comment_status":"closed","ping_status":"closed","template":"","meta":{"footnotes":""},"class_list":["post-49","page","type-page","status-publish","hentry"],"_links":{"self":[{"href":"https:\/\/www.sehitgazi1915.org\/index.php\/wp-json\/wp\/v2\/pages\/49","targetHints":{"allow":["GET"]}}],"collection":[{"href":"https:\/\/www.sehitgazi1915.org\/index.php\/wp-json\/wp\/v2\/pages"}],"about":[{"href":"https:\/\/www.sehitgazi1915.org\/index.php\/wp-json\/wp\/v2\/types\/page"}],"author":[{"embeddable":true,"href":"https:\/\/www.sehitgazi1915.org\/index.php\/wp-json\/wp\/v2\/users\/1"}],"replies":[{"embeddable":true,"href":"https:\/\/www.sehitgazi1915.org\/index.php\/wp-json\/wp\/v2\/comments?post=49"}],"version-history":[{"count":2,"href":"https:\/\/www.sehitgazi1915.org\/index.php\/wp-json\/wp\/v2\/pages\/49\/revisions"}],"predecessor-version":[{"id":683,"href":"https:\/\/www.sehitgazi1915.org\/index.php\/wp-json\/wp\/v2\/pages\/49\/revisions\/683"}],"wp:attachment":[{"href":"https:\/\/www.sehitgazi1915.org\/index.php\/wp-json\/wp\/v2\/media?parent=49"}],"curies":[{"name":"wp","href":"https:\/\/api.w.org\/{rel}","templated":true}]}}