{"id":35,"date":"2024-03-15T12:09:40","date_gmt":"2024-03-15T12:09:40","guid":{"rendered":"https:\/\/www.sehitgazi1915.org\/?page_id=35"},"modified":"2025-11-19T15:38:31","modified_gmt":"2025-11-19T12:38:31","slug":"iletisim","status":"publish","type":"page","link":"https:\/\/www.sehitgazi1915.org\/index.php\/iletisim\/","title":{"rendered":"\u0130leti\u015fim:"},"content":{"rendered":"\n<p>T\u00dcRK\u0130YE HARP MALUL\u00dc GAZ\u0130LER \u015eEH\u0130T DUL VE YET\u0130MLER\u0130 DERNE\u011e\u0130 GENEL BA\u015eKANLI\u011eI <\/p>\n\n\n\n<p>ADRES: K\u00fclt\u00fcr Mahallesi Cemre Sokak No:12\/3 Kolej \u00c7ankaya \/ ANKARA<\/p>\n\n\n\n<p>TEL: (0312) 433 54 61<\/p>\n\n\n\n<p>GSM: 0530 592 62 94 <\/p>\n\n\n\n<p>E-MA\u0130L: sehit_gazi_1983@hotmail.com<\/p>\n\n\n\n<div class=\"wp-block-columns is-layout-flex wp-container-core-columns-is-layout-9d6595d7 wp-block-columns-is-layout-flex\">\n<div class=\"wp-block-column is-layout-flow wp-block-column-is-layout-flow\" style=\"flex-basis:25%\"><\/div>\n\n\n\n<div class=\"wp-block-column is-layout-flow wp-block-column-is-layout-flow\" style=\"flex-basis:50%\">\n<iframe src=\"https:\/\/www.google.com\/maps\/embed?pb=!1m23!1m12!1m3!1d97917.68027163995!2d32.77820030545664!3d39.92063843788492!2m3!1f0!2f0!3f0!3m2!1i1024!2i768!4f13.1!4m8!3e6!4m0!4m5!1s0x14d34e524e2b5d23%3A0xa775b39375f93b27!2zS8SxesSxbGF5LCBDZW1yZSBTay4gTm86MTIsIDA2NDIwIMOHYW5rYXlhL0Fua2FyYQ!3m2!1d39.9206803!2d32.860596699999995!5e0!3m2!1str!2str!4v1710843679539!5m2!1str!2str\" width=\"600\" height=\"450\" style=\"border:0;\" allowfullscreen=\"\" loading=\"lazy\" referrerpolicy=\"no-referrer-when-downgrade\"><\/iframe>\n<\/div>\n\n\n\n<div class=\"wp-block-column is-layout-flow wp-block-column-is-layout-flow\" style=\"flex-basis:25%\"><\/div>\n<\/div>\n\n\n\n<div class=\"wp-block-columns is-layout-flex wp-container-core-columns-is-layout-9d6595d7 wp-block-columns-is-layout-flex\">\n<div class=\"wp-block-column is-layout-flow wp-block-column-is-layout-flow\"><\/div>\n<\/div>\n","protected":false},"excerpt":{"rendered":"<p>T\u00dcRK\u0130YE HARP MALUL\u00dc GAZ\u0130LER \u015eEH\u0130T DUL VE YET\u0130MLER\u0130 DERNE\u011e\u0130 GENEL BA\u015eKANLI\u011eI ADRES: K\u00fclt\u00fcr Mahallesi Cemre Sokak No:12\/3 Kolej \u00c7ankaya \/ ANKARA TEL: (0312) 433 54 61 GSM: 0530 592 62 &hellip; <\/p>\n","protected":false},"author":1,"featured_media":0,"parent":0,"menu_order":0,"comment_status":"closed","ping_status":"closed","template":"","meta":{"footnotes":""},"class_list":["post-35","page","type-page","status-publish","hentry"],"_links":{"self":[{"href":"https:\/\/www.sehitgazi1915.org\/index.php\/wp-json\/wp\/v2\/pages\/35","targetHints":{"allow":["GET"]}}],"collection":[{"href":"https:\/\/www.sehitgazi1915.org\/index.php\/wp-json\/wp\/v2\/pages"}],"about":[{"href":"https:\/\/www.sehitgazi1915.org\/index.php\/wp-json\/wp\/v2\/types\/page"}],"author":[{"embeddable":true,"href":"https:\/\/www.sehitgazi1915.org\/index.php\/wp-json\/wp\/v2\/users\/1"}],"replies":[{"embeddable":true,"href":"https:\/\/www.sehitgazi1915.org\/index.php\/wp-json\/wp\/v2\/comments?post=35"}],"version-history":[{"count":37,"href":"https:\/\/www.sehitgazi1915.org\/index.php\/wp-json\/wp\/v2\/pages\/35\/revisions"}],"predecessor-version":[{"id":3428,"href":"https:\/\/www.sehitgazi1915.org\/index.php\/wp-json\/wp\/v2\/pages\/35\/revisions\/3428"}],"wp:attachment":[{"href":"https:\/\/www.sehitgazi1915.org\/index.php\/wp-json\/wp\/v2\/media?parent=35"}],"curies":[{"name":"wp","href":"https:\/\/api.w.org\/{rel}","templated":true}]}}