{"id":11,"date":"2024-03-15T12:03:54","date_gmt":"2024-03-15T12:03:54","guid":{"rendered":"https:\/\/www.sehitgazi1915.org\/?page_id=11"},"modified":"2025-04-29T15:22:58","modified_gmt":"2025-04-29T12:22:58","slug":"tuzugumuz","status":"publish","type":"page","link":"https:\/\/www.sehitgazi1915.org\/index.php\/tuzugumuz\/","title":{"rendered":"T\u00fcz\u00fc\u011f\u00fcm\u00fcz"},"content":{"rendered":"\n<div class=\"wp-block-columns is-layout-flex wp-container-core-columns-is-layout-9d6595d7 wp-block-columns-is-layout-flex\">\n<div class=\"wp-block-column is-layout-flow wp-block-column-is-layout-flow\">\n<figure class=\"wp-block-image alignfull size-large\"><img loading=\"lazy\" decoding=\"async\" width=\"724\" height=\"1024\" src=\"https:\/\/www.sehitgazi1915.org\/wp-content\/uploads\/2025\/04\/WhatsApp-Image-2025-04-29-at-14.02.02-724x1024.jpeg\" alt=\"\" class=\"wp-image-3140\" srcset=\"https:\/\/www.sehitgazi1915.org\/wp-content\/uploads\/2025\/04\/WhatsApp-Image-2025-04-29-at-14.02.02-724x1024.jpeg 724w, https:\/\/www.sehitgazi1915.org\/wp-content\/uploads\/2025\/04\/WhatsApp-Image-2025-04-29-at-14.02.02-212x300.jpeg 212w, https:\/\/www.sehitgazi1915.org\/wp-content\/uploads\/2025\/04\/WhatsApp-Image-2025-04-29-at-14.02.02-768x1086.jpeg 768w, https:\/\/www.sehitgazi1915.org\/wp-content\/uploads\/2025\/04\/WhatsApp-Image-2025-04-29-at-14.02.02-1086x1536.jpeg 1086w, https:\/\/www.sehitgazi1915.org\/wp-content\/uploads\/2025\/04\/WhatsApp-Image-2025-04-29-at-14.02.02.jpeg 1414w\" sizes=\"auto, (max-width: 724px) 100vw, 724px\" \/><\/figure>\n<\/div>\n<\/div>\n\n\n\n<div class=\"wp-block-columns is-layout-flex wp-container-core-columns-is-layout-9d6595d7 wp-block-columns-is-layout-flex\">\n<div class=\"wp-block-column is-layout-flow wp-block-column-is-layout-flow\">\n<div class=\"wp-block-columns is-layout-flex wp-container-core-columns-is-layout-9d6595d7 wp-block-columns-is-layout-flex\">\n<div class=\"wp-block-column is-layout-flow wp-block-column-is-layout-flow\">\n<figure class=\"wp-block-image alignfull size-large\"><img loading=\"lazy\" decoding=\"async\" width=\"724\" height=\"1024\" src=\"https:\/\/www.sehitgazi1915.org\/wp-content\/uploads\/2025\/04\/WhatsApp-Image-2025-04-29-at-14.08.07-1-724x1024.jpeg\" alt=\"\" class=\"wp-image-3142\" srcset=\"https:\/\/www.sehitgazi1915.org\/wp-content\/uploads\/2025\/04\/WhatsApp-Image-2025-04-29-at-14.08.07-1-724x1024.jpeg 724w, https:\/\/www.sehitgazi1915.org\/wp-content\/uploads\/2025\/04\/WhatsApp-Image-2025-04-29-at-14.08.07-1-212x300.jpeg 212w, https:\/\/www.sehitgazi1915.org\/wp-content\/uploads\/2025\/04\/WhatsApp-Image-2025-04-29-at-14.08.07-1-768x1086.jpeg 768w, https:\/\/www.sehitgazi1915.org\/wp-content\/uploads\/2025\/04\/WhatsApp-Image-2025-04-29-at-14.08.07-1-1086x1536.jpeg 1086w, https:\/\/www.sehitgazi1915.org\/wp-content\/uploads\/2025\/04\/WhatsApp-Image-2025-04-29-at-14.08.07-1.jpeg 1414w\" sizes=\"auto, (max-width: 724px) 100vw, 724px\" \/><\/figure>\n<\/div>\n<\/div>\n\n\n\n<div class=\"wp-block-columns is-layout-flex wp-container-core-columns-is-layout-9d6595d7 wp-block-columns-is-layout-flex\">\n<div class=\"wp-block-column is-layout-flow wp-block-column-is-layout-flow\">\n<figure class=\"wp-block-image alignfull size-large\"><img loading=\"lazy\" decoding=\"async\" width=\"724\" height=\"1024\" src=\"https:\/\/www.sehitgazi1915.org\/wp-content\/uploads\/2025\/04\/WhatsApp-Image-2025-04-29-at-14.08.07-2-724x1024.jpeg\" alt=\"\" class=\"wp-image-3143\" srcset=\"https:\/\/www.sehitgazi1915.org\/wp-content\/uploads\/2025\/04\/WhatsApp-Image-2025-04-29-at-14.08.07-2-724x1024.jpeg 724w, https:\/\/www.sehitgazi1915.org\/wp-content\/uploads\/2025\/04\/WhatsApp-Image-2025-04-29-at-14.08.07-2-212x300.jpeg 212w, https:\/\/www.sehitgazi1915.org\/wp-content\/uploads\/2025\/04\/WhatsApp-Image-2025-04-29-at-14.08.07-2-768x1086.jpeg 768w, https:\/\/www.sehitgazi1915.org\/wp-content\/uploads\/2025\/04\/WhatsApp-Image-2025-04-29-at-14.08.07-2-1086x1536.jpeg 1086w, https:\/\/www.sehitgazi1915.org\/wp-content\/uploads\/2025\/04\/WhatsApp-Image-2025-04-29-at-14.08.07-2.jpeg 1414w\" sizes=\"auto, (max-width: 724px) 100vw, 724px\" \/><\/figure>\n<\/div>\n<\/div>\n<\/div>\n<\/div>\n\n\n\n<div class=\"wp-block-columns is-layout-flex wp-container-core-columns-is-layout-9d6595d7 wp-block-columns-is-layout-flex\">\n<div class=\"wp-block-column is-layout-flow wp-block-column-is-layout-flow\">\n<figure class=\"wp-block-image alignfull size-large\"><img loading=\"lazy\" decoding=\"async\" width=\"724\" height=\"1024\" src=\"https:\/\/www.sehitgazi1915.org\/wp-content\/uploads\/2025\/04\/WhatsApp-Image-2025-04-29-at-14.08.07-3-724x1024.jpeg\" alt=\"\" class=\"wp-image-3144\" srcset=\"https:\/\/www.sehitgazi1915.org\/wp-content\/uploads\/2025\/04\/WhatsApp-Image-2025-04-29-at-14.08.07-3-724x1024.jpeg 724w, https:\/\/www.sehitgazi1915.org\/wp-content\/uploads\/2025\/04\/WhatsApp-Image-2025-04-29-at-14.08.07-3-212x300.jpeg 212w, https:\/\/www.sehitgazi1915.org\/wp-content\/uploads\/2025\/04\/WhatsApp-Image-2025-04-29-at-14.08.07-3-768x1086.jpeg 768w, https:\/\/www.sehitgazi1915.org\/wp-content\/uploads\/2025\/04\/WhatsApp-Image-2025-04-29-at-14.08.07-3-1086x1536.jpeg 1086w, https:\/\/www.sehitgazi1915.org\/wp-content\/uploads\/2025\/04\/WhatsApp-Image-2025-04-29-at-14.08.07-3.jpeg 1414w\" sizes=\"auto, (max-width: 724px) 100vw, 724px\" \/><\/figure>\n<\/div>\n<\/div>\n\n\n\n<div class=\"wp-block-columns is-layout-flex wp-container-core-columns-is-layout-9d6595d7 wp-block-columns-is-layout-flex\">\n<div class=\"wp-block-column is-layout-flow wp-block-column-is-layout-flow\">\n<figure class=\"wp-block-image alignfull size-large\"><img loading=\"lazy\" decoding=\"async\" width=\"1414\" height=\"2000\" src=\"https:\/\/www.sehitgazi1915.org\/wp-content\/uploads\/2025\/04\/4-724x1024.jpeg\" alt=\"\" class=\"wp-image-3149\" srcset=\"https:\/\/www.sehitgazi1915.org\/wp-content\/uploads\/2025\/04\/4-724x1024.jpeg 724w, https:\/\/www.sehitgazi1915.org\/wp-content\/uploads\/2025\/04\/4-212x300.jpeg 212w, https:\/\/www.sehitgazi1915.org\/wp-content\/uploads\/2025\/04\/4-768x1086.jpeg 768w, https:\/\/www.sehitgazi1915.org\/wp-content\/uploads\/2025\/04\/4-1086x1536.jpeg 1086w, https:\/\/www.sehitgazi1915.org\/wp-content\/uploads\/2025\/04\/4.jpeg 1414w\" sizes=\"auto, (max-width: 1414px) 100vw, 1414px\" \/><\/figure>\n<\/div>\n<\/div>\n\n\n\n<div class=\"wp-block-columns is-layout-flex wp-container-core-columns-is-layout-9d6595d7 wp-block-columns-is-layout-flex\">\n<div class=\"wp-block-column is-layout-flow wp-block-column-is-layout-flow\">\n<figure class=\"wp-block-image alignfull size-large\"><img loading=\"lazy\" decoding=\"async\" width=\"724\" height=\"1024\" src=\"https:\/\/www.sehitgazi1915.org\/wp-content\/uploads\/2025\/04\/5-724x1024.jpeg\" alt=\"\" class=\"wp-image-3150\" srcset=\"https:\/\/www.sehitgazi1915.org\/wp-content\/uploads\/2025\/04\/5-724x1024.jpeg 724w, https:\/\/www.sehitgazi1915.org\/wp-content\/uploads\/2025\/04\/5-212x300.jpeg 212w, https:\/\/www.sehitgazi1915.org\/wp-content\/uploads\/2025\/04\/5-768x1086.jpeg 768w, https:\/\/www.sehitgazi1915.org\/wp-content\/uploads\/2025\/04\/5-1086x1536.jpeg 1086w, https:\/\/www.sehitgazi1915.org\/wp-content\/uploads\/2025\/04\/5.jpeg 1414w\" sizes=\"auto, (max-width: 724px) 100vw, 724px\" \/><\/figure>\n<\/div>\n<\/div>\n\n\n\n<div class=\"wp-block-columns is-layout-flex wp-container-core-columns-is-layout-9d6595d7 wp-block-columns-is-layout-flex\">\n<div class=\"wp-block-column is-layout-flow wp-block-column-is-layout-flow\">\n<figure class=\"wp-block-image alignfull size-large\"><img loading=\"lazy\" decoding=\"async\" width=\"724\" height=\"1024\" src=\"https:\/\/www.sehitgazi1915.org\/wp-content\/uploads\/2025\/04\/6-724x1024.jpeg\" alt=\"\" class=\"wp-image-3151\" srcset=\"https:\/\/www.sehitgazi1915.org\/wp-content\/uploads\/2025\/04\/6-724x1024.jpeg 724w, https:\/\/www.sehitgazi1915.org\/wp-content\/uploads\/2025\/04\/6-212x300.jpeg 212w, https:\/\/www.sehitgazi1915.org\/wp-content\/uploads\/2025\/04\/6-768x1086.jpeg 768w, https:\/\/www.sehitgazi1915.org\/wp-content\/uploads\/2025\/04\/6-1086x1536.jpeg 1086w, https:\/\/www.sehitgazi1915.org\/wp-content\/uploads\/2025\/04\/6.jpeg 1414w\" sizes=\"auto, (max-width: 724px) 100vw, 724px\" \/><\/figure>\n<\/div>\n<\/div>\n\n\n\n<div class=\"wp-block-columns is-layout-flex wp-container-core-columns-is-layout-9d6595d7 wp-block-columns-is-layout-flex\">\n<div class=\"wp-block-column is-layout-flow wp-block-column-is-layout-flow\">\n<figure class=\"wp-block-image alignfull size-large\"><img loading=\"lazy\" decoding=\"async\" width=\"724\" height=\"1024\" src=\"https:\/\/www.sehitgazi1915.org\/wp-content\/uploads\/2025\/04\/7-724x1024.jpeg\" alt=\"\" class=\"wp-image-3152\" srcset=\"https:\/\/www.sehitgazi1915.org\/wp-content\/uploads\/2025\/04\/7-724x1024.jpeg 724w, https:\/\/www.sehitgazi1915.org\/wp-content\/uploads\/2025\/04\/7-212x300.jpeg 212w, https:\/\/www.sehitgazi1915.org\/wp-content\/uploads\/2025\/04\/7-768x1086.jpeg 768w, https:\/\/www.sehitgazi1915.org\/wp-content\/uploads\/2025\/04\/7-1086x1536.jpeg 1086w, https:\/\/www.sehitgazi1915.org\/wp-content\/uploads\/2025\/04\/7.jpeg 1414w\" sizes=\"auto, (max-width: 724px) 100vw, 724px\" \/><\/figure>\n<\/div>\n<\/div>\n\n\n\n<div class=\"wp-block-columns is-layout-flex wp-container-core-columns-is-layout-9d6595d7 wp-block-columns-is-layout-flex\">\n<div class=\"wp-block-column is-layout-flow wp-block-column-is-layout-flow\">\n<figure class=\"wp-block-image alignfull size-large\"><img loading=\"lazy\" decoding=\"async\" width=\"724\" height=\"1024\" src=\"https:\/\/www.sehitgazi1915.org\/wp-content\/uploads\/2025\/04\/8-724x1024.jpeg\" alt=\"\" class=\"wp-image-3153\" srcset=\"https:\/\/www.sehitgazi1915.org\/wp-content\/uploads\/2025\/04\/8-724x1024.jpeg 724w, https:\/\/www.sehitgazi1915.org\/wp-content\/uploads\/2025\/04\/8-212x300.jpeg 212w, https:\/\/www.sehitgazi1915.org\/wp-content\/uploads\/2025\/04\/8-768x1086.jpeg 768w, https:\/\/www.sehitgazi1915.org\/wp-content\/uploads\/2025\/04\/8-1086x1536.jpeg 1086w, https:\/\/www.sehitgazi1915.org\/wp-content\/uploads\/2025\/04\/8.jpeg 1414w\" sizes=\"auto, (max-width: 724px) 100vw, 724px\" \/><\/figure>\n<\/div>\n<\/div>\n\n\n\n<div class=\"wp-block-columns is-layout-flex wp-container-core-columns-is-layout-9d6595d7 wp-block-columns-is-layout-flex\">\n<div class=\"wp-block-column is-layout-flow wp-block-column-is-layout-flow\">\n<figure class=\"wp-block-image alignfull size-large\"><img loading=\"lazy\" decoding=\"async\" width=\"724\" height=\"1024\" src=\"https:\/\/www.sehitgazi1915.org\/wp-content\/uploads\/2025\/04\/9-724x1024.jpeg\" alt=\"\" class=\"wp-image-3154\" srcset=\"https:\/\/www.sehitgazi1915.org\/wp-content\/uploads\/2025\/04\/9-724x1024.jpeg 724w, https:\/\/www.sehitgazi1915.org\/wp-content\/uploads\/2025\/04\/9-212x300.jpeg 212w, https:\/\/www.sehitgazi1915.org\/wp-content\/uploads\/2025\/04\/9-768x1086.jpeg 768w, https:\/\/www.sehitgazi1915.org\/wp-content\/uploads\/2025\/04\/9-1086x1536.jpeg 1086w, https:\/\/www.sehitgazi1915.org\/wp-content\/uploads\/2025\/04\/9.jpeg 1414w\" sizes=\"auto, (max-width: 724px) 100vw, 724px\" \/><\/figure>\n<\/div>\n<\/div>\n\n\n\n<div class=\"wp-block-columns is-layout-flex wp-container-core-columns-is-layout-9d6595d7 wp-block-columns-is-layout-flex\">\n<div class=\"wp-block-column is-layout-flow wp-block-column-is-layout-flow\">\n<figure class=\"wp-block-image alignfull size-large\"><img loading=\"lazy\" decoding=\"async\" width=\"724\" height=\"1024\" src=\"https:\/\/www.sehitgazi1915.org\/wp-content\/uploads\/2025\/04\/10-724x1024.jpeg\" alt=\"\" class=\"wp-image-3155\" srcset=\"https:\/\/www.sehitgazi1915.org\/wp-content\/uploads\/2025\/04\/10-724x1024.jpeg 724w, https:\/\/www.sehitgazi1915.org\/wp-content\/uploads\/2025\/04\/10-212x300.jpeg 212w, https:\/\/www.sehitgazi1915.org\/wp-content\/uploads\/2025\/04\/10-768x1086.jpeg 768w, https:\/\/www.sehitgazi1915.org\/wp-content\/uploads\/2025\/04\/10-1086x1536.jpeg 1086w, https:\/\/www.sehitgazi1915.org\/wp-content\/uploads\/2025\/04\/10.jpeg 1414w\" sizes=\"auto, (max-width: 724px) 100vw, 724px\" \/><\/figure>\n\n\n\n<figure class=\"wp-block-image alignfull size-large\"><img loading=\"lazy\" decoding=\"async\" width=\"724\" height=\"1024\" src=\"https:\/\/www.sehitgazi1915.org\/wp-content\/uploads\/2025\/04\/11-724x1024.jpeg\" alt=\"\" class=\"wp-image-3156\" srcset=\"https:\/\/www.sehitgazi1915.org\/wp-content\/uploads\/2025\/04\/11-724x1024.jpeg 724w, https:\/\/www.sehitgazi1915.org\/wp-content\/uploads\/2025\/04\/11-212x300.jpeg 212w, https:\/\/www.sehitgazi1915.org\/wp-content\/uploads\/2025\/04\/11-768x1086.jpeg 768w, https:\/\/www.sehitgazi1915.org\/wp-content\/uploads\/2025\/04\/11-1086x1536.jpeg 1086w, https:\/\/www.sehitgazi1915.org\/wp-content\/uploads\/2025\/04\/11.jpeg 1414w\" sizes=\"auto, (max-width: 724px) 100vw, 724px\" \/><\/figure>\n\n\n\n<figure class=\"wp-block-image alignfull size-large\"><img loading=\"lazy\" decoding=\"async\" width=\"724\" height=\"1024\" src=\"https:\/\/www.sehitgazi1915.org\/wp-content\/uploads\/2025\/04\/12-724x1024.jpeg\" alt=\"\" class=\"wp-image-3157\" srcset=\"https:\/\/www.sehitgazi1915.org\/wp-content\/uploads\/2025\/04\/12-724x1024.jpeg 724w, https:\/\/www.sehitgazi1915.org\/wp-content\/uploads\/2025\/04\/12-212x300.jpeg 212w, https:\/\/www.sehitgazi1915.org\/wp-content\/uploads\/2025\/04\/12-768x1086.jpeg 768w, https:\/\/www.sehitgazi1915.org\/wp-content\/uploads\/2025\/04\/12-1086x1536.jpeg 1086w, https:\/\/www.sehitgazi1915.org\/wp-content\/uploads\/2025\/04\/12.jpeg 1414w\" sizes=\"auto, (max-width: 724px) 100vw, 724px\" \/><\/figure>\n\n\n\n<figure class=\"wp-block-image alignfull size-large\"><img loading=\"lazy\" decoding=\"async\" width=\"724\" height=\"1024\" src=\"https:\/\/www.sehitgazi1915.org\/wp-content\/uploads\/2025\/04\/13-724x1024.jpeg\" alt=\"\" class=\"wp-image-3159\" srcset=\"https:\/\/www.sehitgazi1915.org\/wp-content\/uploads\/2025\/04\/13-724x1024.jpeg 724w, https:\/\/www.sehitgazi1915.org\/wp-content\/uploads\/2025\/04\/13-212x300.jpeg 212w, https:\/\/www.sehitgazi1915.org\/wp-content\/uploads\/2025\/04\/13-768x1086.jpeg 768w, https:\/\/www.sehitgazi1915.org\/wp-content\/uploads\/2025\/04\/13-1086x1536.jpeg 1086w, https:\/\/www.sehitgazi1915.org\/wp-content\/uploads\/2025\/04\/13.jpeg 1414w\" sizes=\"auto, (max-width: 724px) 100vw, 724px\" \/><\/figure>\n\n\n\n<figure class=\"wp-block-image alignfull size-large\"><img loading=\"lazy\" decoding=\"async\" width=\"724\" height=\"1024\" src=\"https:\/\/www.sehitgazi1915.org\/wp-content\/uploads\/2025\/04\/14-1-724x1024.jpeg\" alt=\"\" class=\"wp-image-3160\" srcset=\"https:\/\/www.sehitgazi1915.org\/wp-content\/uploads\/2025\/04\/14-1-724x1024.jpeg 724w, https:\/\/www.sehitgazi1915.org\/wp-content\/uploads\/2025\/04\/14-1-212x300.jpeg 212w, https:\/\/www.sehitgazi1915.org\/wp-content\/uploads\/2025\/04\/14-1-768x1086.jpeg 768w, https:\/\/www.sehitgazi1915.org\/wp-content\/uploads\/2025\/04\/14-1-1086x1536.jpeg 1086w, https:\/\/www.sehitgazi1915.org\/wp-content\/uploads\/2025\/04\/14-1.jpeg 1414w\" sizes=\"auto, (max-width: 724px) 100vw, 724px\" \/><\/figure>\n\n\n\n<figure class=\"wp-block-image alignfull size-large\"><img loading=\"lazy\" decoding=\"async\" width=\"724\" height=\"1024\" src=\"https:\/\/www.sehitgazi1915.org\/wp-content\/uploads\/2025\/04\/15-724x1024.jpeg\" alt=\"\" class=\"wp-image-3161\" srcset=\"https:\/\/www.sehitgazi1915.org\/wp-content\/uploads\/2025\/04\/15-724x1024.jpeg 724w, https:\/\/www.sehitgazi1915.org\/wp-content\/uploads\/2025\/04\/15-212x300.jpeg 212w, https:\/\/www.sehitgazi1915.org\/wp-content\/uploads\/2025\/04\/15-768x1086.jpeg 768w, https:\/\/www.sehitgazi1915.org\/wp-content\/uploads\/2025\/04\/15-1086x1536.jpeg 1086w, https:\/\/www.sehitgazi1915.org\/wp-content\/uploads\/2025\/04\/15.jpeg 1414w\" sizes=\"auto, (max-width: 724px) 100vw, 724px\" \/><\/figure>\n\n\n\n<figure class=\"wp-block-image alignfull size-large\"><img loading=\"lazy\" decoding=\"async\" width=\"724\" height=\"1024\" src=\"https:\/\/www.sehitgazi1915.org\/wp-content\/uploads\/2025\/04\/16-724x1024.jpeg\" alt=\"\" class=\"wp-image-3162\" srcset=\"https:\/\/www.sehitgazi1915.org\/wp-content\/uploads\/2025\/04\/16-724x1024.jpeg 724w, https:\/\/www.sehitgazi1915.org\/wp-content\/uploads\/2025\/04\/16-212x300.jpeg 212w, https:\/\/www.sehitgazi1915.org\/wp-content\/uploads\/2025\/04\/16-768x1086.jpeg 768w, https:\/\/www.sehitgazi1915.org\/wp-content\/uploads\/2025\/04\/16-1086x1536.jpeg 1086w, https:\/\/www.sehitgazi1915.org\/wp-content\/uploads\/2025\/04\/16.jpeg 1414w\" sizes=\"auto, (max-width: 724px) 100vw, 724px\" \/><\/figure>\n\n\n\n<figure class=\"wp-block-image alignfull size-large\"><img loading=\"lazy\" decoding=\"async\" width=\"724\" height=\"1024\" src=\"https:\/\/www.sehitgazi1915.org\/wp-content\/uploads\/2025\/04\/17-724x1024.jpeg\" alt=\"\" class=\"wp-image-3163\" srcset=\"https:\/\/www.sehitgazi1915.org\/wp-content\/uploads\/2025\/04\/17-724x1024.jpeg 724w, https:\/\/www.sehitgazi1915.org\/wp-content\/uploads\/2025\/04\/17-212x300.jpeg 212w, https:\/\/www.sehitgazi1915.org\/wp-content\/uploads\/2025\/04\/17-768x1086.jpeg 768w, https:\/\/www.sehitgazi1915.org\/wp-content\/uploads\/2025\/04\/17-1086x1536.jpeg 1086w, https:\/\/www.sehitgazi1915.org\/wp-content\/uploads\/2025\/04\/17.jpeg 1414w\" sizes=\"auto, (max-width: 724px) 100vw, 724px\" \/><\/figure>\n\n\n\n<figure class=\"wp-block-image alignfull size-large\"><img loading=\"lazy\" decoding=\"async\" width=\"724\" height=\"1024\" src=\"https:\/\/www.sehitgazi1915.org\/wp-content\/uploads\/2025\/04\/18-724x1024.jpeg\" alt=\"\" class=\"wp-image-3164\" srcset=\"https:\/\/www.sehitgazi1915.org\/wp-content\/uploads\/2025\/04\/18-724x1024.jpeg 724w, https:\/\/www.sehitgazi1915.org\/wp-content\/uploads\/2025\/04\/18-212x300.jpeg 212w, https:\/\/www.sehitgazi1915.org\/wp-content\/uploads\/2025\/04\/18-768x1086.jpeg 768w, https:\/\/www.sehitgazi1915.org\/wp-content\/uploads\/2025\/04\/18-1086x1536.jpeg 1086w, https:\/\/www.sehitgazi1915.org\/wp-content\/uploads\/2025\/04\/18.jpeg 1414w\" sizes=\"auto, (max-width: 724px) 100vw, 724px\" \/><\/figure>\n<\/div>\n<\/div>\n\n\n\n<figure class=\"wp-block-gallery has-nested-images columns-default is-cropped wp-block-gallery-1 is-layout-flex wp-block-gallery-is-layout-flex\"><\/figure>\n\n\n\n<p><\/p>\n","protected":false},"excerpt":{"rendered":"","protected":false},"author":1,"featured_media":0,"parent":0,"menu_order":0,"comment_status":"closed","ping_status":"closed","template":"","meta":{"footnotes":""},"class_list":["post-11","page","type-page","status-publish","hentry"],"_links":{"self":[{"href":"https:\/\/www.sehitgazi1915.org\/index.php\/wp-json\/wp\/v2\/pages\/11","targetHints":{"allow":["GET"]}}],"collection":[{"href":"https:\/\/www.sehitgazi1915.org\/index.php\/wp-json\/wp\/v2\/pages"}],"about":[{"href":"https:\/\/www.sehitgazi1915.org\/index.php\/wp-json\/wp\/v2\/types\/page"}],"author":[{"embeddable":true,"href":"https:\/\/www.sehitgazi1915.org\/index.php\/wp-json\/wp\/v2\/users\/1"}],"replies":[{"embeddable":true,"href":"https:\/\/www.sehitgazi1915.org\/index.php\/wp-json\/wp\/v2\/comments?post=11"}],"version-history":[{"count":26,"href":"https:\/\/www.sehitgazi1915.org\/index.php\/wp-json\/wp\/v2\/pages\/11\/revisions"}],"predecessor-version":[{"id":3165,"href":"https:\/\/www.sehitgazi1915.org\/index.php\/wp-json\/wp\/v2\/pages\/11\/revisions\/3165"}],"wp:attachment":[{"href":"https:\/\/www.sehitgazi1915.org\/index.php\/wp-json\/wp\/v2\/media?parent=11"}],"curies":[{"name":"wp","href":"https:\/\/api.w.org\/{rel}","templated":true}]}}